{"id":415,"date":"2025-04-02T14:40:21","date_gmt":"2025-04-02T14:40:21","guid":{"rendered":"https:\/\/dev.humanplus.hu\/?page_id=415"},"modified":"2025-09-18T14:01:09","modified_gmt":"2025-09-18T14:01:09","slug":"adatkezelesi-tajekoztato","status":"publish","type":"page","link":"https:\/\/hpmp.hu\/en\/fooldal\/adatkezelesi-tajekoztato\/","title":{"rendered":"Adatkezel\u00e9si T\u00e1j\u00e9koztat\u00f3"},"content":{"rendered":"<div data-elementor-type=\"wp-page\" data-elementor-id=\"415\" class=\"elementor elementor-415\" data-elementor-post-type=\"page\">\n\t\t\t\t<div class=\"elementor-element elementor-element-20cda55 e-flex e-con-boxed e-con e-parent\" data-id=\"20cda55\" data-element_type=\"container\" data-e-type=\"container\">\n\t\t\t\t\t<div class=\"e-con-inner\">\n\t\t\t\t<div class=\"elementor-element elementor-element-155d892 elementor-widget elementor-widget-heading\" data-id=\"155d892\" data-element_type=\"widget\" data-e-type=\"widget\" data-widget_type=\"heading.default\">\n\t\t\t\t\t\t<div class=\"elementor-widget-container\">\n\t\t\t\t\t<h2 class=\"elementor-heading-title elementor-size-default\">Adatkezel\u00e9si T\u00e1j\u00e9koztat\u00f3 weboldal l\u00e1togat\u00f3k r\u00e9sz\u00e9re<\/h2>\t\t\t\t<\/div>\n\t\t\t\t<\/div>\n\t\t\t\t<div class=\"elementor-element elementor-element-dcb7339 elementor-widget elementor-widget-text-editor\" data-id=\"dcb7339\" data-element_type=\"widget\" data-e-type=\"widget\" data-widget_type=\"text-editor.default\">\n\t\t\t\t\t\t<div class=\"elementor-widget-container\">\n\t\t\t\t\t\t\t\t\t<p style=\"font-weight: 400;\">A humanplus.hu, marketingplus.hu weboldalak (a tov\u00e1bbiakban: Weboldalak) megl\u00e1togat\u00e1sakor illetve a Weboldalakon felt\u00fcntetett szolg\u00e1ltat\u00e1sok ig\u00e9nybev\u00e9telekor szem\u00e9lyes adatok ker\u00fclnek \u00e1tad\u00e1sra. Az adatok t\u00e1rol\u00e1s\u00e1r\u00f3l, felhaszn\u00e1l\u00e1s\u00e1r\u00f3l \u00e9s adatkezel\u00e9ssel kapcsolatos jogokr\u00f3l ebb\u0151l a dokumentumb\u00f3l t\u00e1j\u00e9koz\u00f3dhat. Adatv\u00e9delemmel kapcsolatos k\u00e9rd\u00e9ssel keressen minket az info@humanplus.hu email c\u00edmen.<\/p><p style=\"font-weight: 400;\"><strong>Az adatkezel\u0151 (mint Szolg\u00e1ltat\u00f3) adatai:<\/strong><\/p><p style=\"font-weight: 400;\">n\u00e9v: <strong>hpmp C\u00e9gfejleszt\u0151 Korl\u00e1tolt Felel\u0151ss\u00e9g\u0171 T\u00e1rsas\u00e1g<\/strong><\/p><p style=\"font-weight: 400;\">sz\u00e9khely: 1118 Budapest, Dayka G\u00e1bor utca 7. I. em. A. ajt\u00f3<\/p><p style=\"font-weight: 400;\">c\u00e9gjegyz\u00e9ksz\u00e1m: 01-09-407210<\/p><p style=\"font-weight: 400;\">ad\u00f3sz\u00e1m: 32111831-2-43<\/p><p style=\"font-weight: 400;\">elektronikus el\u00e9rhet\u0151s\u00e9g: <a href=\"mailto:info@humanplus.hu\">info@humanplus.hu<\/a><\/p><p style=\"font-weight: 400;\">banksz\u00e1mlasz\u00e1m: OTP Bank 11712004-22478186<\/p><p style=\"font-weight: 400;\">nyilv\u00e1ntart\u00e1sba vev\u0151 hat\u00f3s\u00e1g: F\u0151v\u00e1rosi T\u00f6rv\u00e9nysz\u00e9k C\u00e9gb\u00edr\u00f3s\u00e1ga<\/p><p style=\"font-weight: 400;\">A Weboldalakon tal\u00e1lhat\u00f3 szolg\u00e1ltat\u00e1sokat szakm\u00e1ja, \u00f6n\u00e1ll\u00f3 foglalkoz\u00e1sa vagy \u00fczleti tev\u00e9kenys\u00e9gi k\u00f6r\u00e9ben elj\u00e1r\u00f3 jogi szem\u00e9lyek k\u00e9pviselo\u030bi \u00e9s egy\u00e9ni v\u00e1llalkoz\u00f3k vehetik ig\u00e9nybe (a tov\u00e1bbiakban egy\u00fctt: v\u00e1llalkoz\u00e1s, v\u00e1llalkoz\u00e1sok), tekintettel arra, hogy Szolg\u00e1ltat\u00f3 a fogyaszt\u00f3v\u00e9delemro\u030bl sz\u00f3l\u00f3 1997. \u00e9vi CLV. t\u00f6rv\u00e9ny (tov\u00e1bbiakban: Fgytv.) 2. \u00a7 a) pontja szerint fogyaszt\u00f3nak nem ny\u00fajt szolg\u00e1ltat\u00e1sokat. A v\u00e1llalkoz\u00e1sok adatai k\u00f6z\u00e9rdekbo\u030bl nyilv\u00e1nos adatok, azonban a megrendel\u00e9s sor\u00e1n elo\u030bfordulhat, hogy az \u00e9rdekl\u0151d\u0151 v\u00e1llalkoz\u00e1s szem\u00e9lyes adatokat (is) megad, ez\u00e9rt a Szolg\u00e1ltat\u00f3 minden esetben meg k\u00edv\u00e1n felelni a szem\u00e9lyes adatok kezel\u00e9s\u00e9re vonatkoz\u00f3 jogszab\u00e1lyi elo\u030b\u00edr\u00e1soknak is. Jelen t\u00e1j\u00e9koztat\u00f3 vonatkoz\u00e1s\u00e1ban \u00fcgyf\u00e9l (a tov\u00e1bbiakban: \u00dcgyf\u00e9l) aki a v\u00e1llalkoz\u00e1s Weboldalakon tal\u00e1lhat\u00f3 el\u00e9rhet\u0151s\u00e9geket szolg\u00e1ltat\u00e1sokkal kapcsolatos \u00e9rdekl\u0151d\u00e9s vagy megrendel\u00e9s c\u00e9lj\u00e1b\u00f3l ig\u00e9nybe veszi, valamint a szolg\u00e1ltat\u00e1sokat megrendeli, ig\u00e9nybe veszi.<\/p><p style=\"font-weight: 400;\">Jelen szab\u00e1lyzat kialak\u00edt\u00e1sa \u00e9s alkalmaz\u00e1sa sor\u00e1n Szolg\u00e1ltat\u00f3 az inform\u00e1ci\u00f3s \u00f6nrendelkez\u00e9si jogr\u00f3l \u00e9s az inform\u00e1ci\u00f3szabads\u00e1gr\u00f3l sz\u00f3l\u00f3 2011. \u00e9vi CXII. t\u00f6rv\u00e9ny (a tov\u00e1bbiakban: Infotv.), valamint az Eur\u00f3pai Parlament \u00e9s a Tan\u00e1cs (EU) 2016\/679. rendelete (tov\u00e1bbiakban: GDPR) szellem\u00e9ben \u00e9s alkalmaz\u00e1s\u00e1val, azoknak megfelelve j\u00e1r el.<\/p><p style=\"font-weight: 400;\"><strong>Adatkezel\u00e9s a szolg\u00e1ltat\u00e1sok megrendel\u00e9se, haszn\u00e1lata \u00e9s a Weboldalak l\u00e1togat\u00e1sa sor\u00e1n<\/strong><\/p><p style=\"font-weight: 400;\">Weboldalak l\u00e1togat\u00e1s\u00e1r\u00f3l \u00e9s a megrendelt szolg\u00e1ltat\u00e1sok k\u00f6r\u00e9ben az Adatkezel\u0151 \u00e1ltal rendelkez\u00e9sre bocs\u00e1jtott esetleges egy\u00e9b weboldalak l\u00e1togat\u00e1s\u00e1r\u00f3l \u00e9s haszn\u00e1lat\u00e1r\u00f3l Szolg\u00e1ltat\u00f3 l\u00e1togatotts\u00e1gi adatokat gy\u0171jt. Az adatgy\u0171jt\u00e9st a Google Analytics eszk\u00f6zzel v\u00e9gzi, amely IP anonimiz\u00e1l\u00e1si be\u00e1ll\u00edt\u00e1sokkal m\u0171k\u00f6dik, \u00edgy a l\u00e1togat\u00e1s sor\u00e1n haszn\u00e1lt IP c\u00edm nem jelenik meg a l\u00e1togat\u00e1si statisztik\u00e1kban.<\/p><p style=\"font-weight: 400;\"><strong>\u00c9rdekl\u0151d\u00e9s, \u00fcgyf\u00e9lkapcsolat kialak\u00edt\u00e1sa<\/strong><\/p><p style=\"font-weight: 400;\">A megrendel\u00e9s folyamata a Weboldalak kapcsolat men\u00fcpontj\u00e1ban tal\u00e1lhat\u00f3 el\u00e9rhet\u0151s\u00e9gekre k\u00fcld\u00f6tt \u00fczenettel ind\u00edthat\u00f3.<\/p><p style=\"font-weight: 400;\">Adatkezel\u00e9s c\u00e9lja: kapcsolatfelv\u00e9tel az \u00e9rdekl\u0151d\u0151vel visszaigazol\u00f3 e-mail form\u00e1j\u00e1ban. Kezelt adatok k\u00f6re: c\u00e9gn\u00e9v, kapcsolattart\u00f3, c\u00e9ges e-mail c\u00edm, c\u00e9ges telefonsz\u00e1m Adatkezel\u00e9s jogalapja: \u00e9rdekl\u0151d\u0151 hozz\u00e1j\u00e1rul\u00e1sa, aj\u00e1nlatad\u00e1shoz, (szerz\u0151d\u00e9sk\u00f6t\u00e9shez vezet\u0151 l\u00e9p\u00e9sek megt\u00e9tele.<\/p><p style=\"font-weight: 400;\">Adatkezel\u00e9s ido\u030btartama: a megrendel\u00e9s lead\u00e1s\u00e1t\u00f3l sz\u00e1m\u00edtott 1 \u00e9vig. Adatt\u00e1rol\u00e1s m\u00f3dja: elektronikus.<\/p><p style=\"font-weight: 400;\">Hozz\u00e1j\u00e1rul\u00e1s alapj\u00e1n kezelt adatai kezel\u00e9sekor az \u00e9rintett hozz\u00e1j\u00e1rul\u00e1s\u00e1t b\u00e1rmikor jogosult visszavonni. A hozz\u00e1j\u00e1rul\u00e1s visszavon\u00e1sa nem \u00e9rinti a hozz\u00e1j\u00e1rul\u00e1son alapul\u00f3, a visszavon\u00e1s elo\u030btti adatkezel\u00e9s jogszeru\u030bs\u00e9g\u00e9t.<\/p><p style=\"font-weight: 400;\">A Szolg\u00e1ltat\u00e1sok ig\u00e9nybev\u00e9tele sor\u00e1n Adatkezel\u0151 tudom\u00e1s\u00e1ra jutott \u00e9rdekl\u0151d\u0151h\u00f6z, \u00fcgyf\u00e9lhez \u00a0kapcsolhat\u00f3 szem\u00e9lyes adatokat a hat\u00e1lyos adatv\u00e9delmi rendelkez\u00e9sek szerint kezeli. Adatkezel\u0151 a Szolg\u00e1ltat\u00e1sok ig\u00e9nybev\u00e9telekor \u00dcgyf\u00e9l munkat\u00e1rsainak szem\u00e9lyes adatait, illetve toborz\u00e1s eset\u00e9n a jelentkez\u0151k szem\u00e9lyes adatait Felhaszn\u00e1l\u00f3knak sz\u00f3l\u00f3 Adatkezel\u00e9si T\u00e1j\u00e9koztat\u00f3 szerint kezeli.<\/p><p style=\"font-weight: 400;\"><strong>\u00dcgyf\u00e9lkommunik\u00e1ci\u00f3<\/strong><\/p><p style=\"font-weight: 400;\">A Weboldalakon el\u00e9rhet\u0151 szolg\u00e1ltat\u00e1sok ir\u00e1nti \u00e9rdekl\u0151d\u00e9s sor\u00e1n tudom\u00e1sunkra jutott adatokat kiz\u00e1r\u00f3lag a szerz\u0151d\u00e9s megk\u00f6t\u00e9s\u00e9hez vezet\u0151 l\u00e9p\u00e9sek megt\u00e9tel\u00e9hez (kapcsolattart\u00e1s) haszn\u00e1ljuk fel. Ha az \u00e9rdekl\u0151d\u0151 nem v\u00e1lik szerz\u0151d\u00e9ses \u00dcgyf\u00e9ll\u00e9, a szem\u00e9lyes adatokat \u2013 bele\u00e9rtve az elektronikus lev\u00e9lv\u00e1lt\u00e1st is \u2013 t\u00f6r\u00f6lj\u00fck. Az \u00e9rdekl\u0151d\u0151k email c\u00edm\u00e9t \u00e9s telefonsz\u00e1m\u00e1t marketing c\u00e9lokra kiz\u00e1r\u00f3lag el\u0151zetes hozz\u00e1j\u00e1rul\u00e1st k\u00f6vet\u0151en haszn\u00e1ljuk fel.<\/p><p style=\"font-weight: 400;\"><strong>Sz\u00e1mlaki\u00e1ll\u00edt\u00e1s <\/strong><\/p><p style=\"font-weight: 400;\">Adatkezel\u00e9s c\u00e9lja: bizonylat (sz\u00e1mla) ki\u00e1ll\u00edt\u00e1sa.\u2028Kezelt adatok k\u00f6re: c\u00e9gn\u00e9v, kapcsolattart\u00f3, c\u00e9ges e-mail c\u00edm, c\u00e9ges telefonsz\u00e1m \u00dcgyf\u00e9l ad\u00f3sz\u00e1ma\/ad\u00f3azonos\u00edt\u00f3 jele. Adatkezel\u00e9s jogalapja: jogszab\u00e1lyon alapul\u00f3 k\u00f6telezo\u030b adatkezel\u00e9s (a sz\u00e1mvitelro\u030bl sz\u00f3l\u00f3 2000. \u00e9vi C. t\u00f6rv\u00e9ny 166. \u00a7 (1) bekezd\u00e9se). Adatkezel\u00e9s ido\u030btartama: a megrendel\u00e9s lead\u00e1s\u00e1t\u00f3l sz\u00e1m\u00edtott 1 \u00e9vig. Adatt\u00e1rol\u00e1s m\u00f3dja: elektronikus adatt\u00e1rol\u00e1s. A megrendel\u00e9s teljes\u00edt\u00e9s\u00e9t k\u00f6veto\u030ben a Szolg\u00e1ltat\u00f3 sz\u00e1ml\u00e1t \u00e1ll\u00edt ki a Felhaszn\u00e1l\u00f3 r\u00e9sz\u00e9re.<\/p><p style=\"font-weight: 400;\"><strong>Sz\u00e1ml\u00e1k mego\u030brz\u00e9se <\/strong><\/p><p style=\"font-weight: 400;\">Adatkezel\u00e9s c\u00e9lja: bizonylat (elektronikus sz\u00e1mla) mego\u030brz\u00e9se.\u2028Kezelt adatok k\u00f6re: c\u00e9gn\u00e9v, kapcsolattart\u00f3, c\u00e9ges e-mail c\u00edm, c\u00e9ges telefonsz\u00e1m \u00dcgyf\u00e9l ad\u00f3sz\u00e1ma\/ad\u00f3azonos\u00edt\u00f3 jele. Adatkezel\u00e9s jogalapja: jogszab\u00e1lyon alapul\u00f3 k\u00f6telezo\u030b adatkezel\u00e9s (sz\u00e1mvitelro\u030bl sz\u00f3l\u00f3 2000. \u00e9vi C. t\u00f6rv\u00e9ny 169. \u00a7 (1) bekezd\u00e9se). Adatkezel\u00e9s ido\u030btartama: a sz\u00e1mla ki\u00e1ll\u00edt\u00e1s\u00e1t\u00f3l sz\u00e1m\u00edtott 8 \u00e9vig. Adatt\u00e1rol\u00e1s m\u00f3dja: elektronikus \u00e9s pap\u00edr alap\u00fa adatt\u00e1rol\u00e1s.<\/p><p style=\"font-weight: 400;\"><strong>Szolg\u00e1ltat\u00f3 adatkezel\u00e9se <\/strong><\/p><p style=\"font-weight: 400;\">A Szolg\u00e1ltat\u00f3 a neki megadott szem\u00e9lyes adatokat \u2013 fo\u030bszab\u00e1ly szerint \u2013 nem elleno\u030brzi. A megadott adatok megfelelo\u030bs\u00e9g\u00e9\u00e9rt kiz\u00e1r\u00f3lag az azt megad\u00f3 szem\u00e9ly felel. B\u00e1rmely \u00dcgyf\u00e9l e-mail c\u00edm\u00e9nek megad\u00e1sakor egyben felelo\u030bss\u00e9get v\u00e1llal az\u00e9rt, hogy a megadott e-mail c\u00edmro\u030bl kiz\u00e1r\u00f3lag o\u030b vesz ig\u00e9nybe szolg\u00e1ltat\u00e1st. E felelo\u030bss\u00e9gv\u00e1llal\u00e1sra tekintettel egy megadott e-mail c\u00edmen t\u00f6rt\u00e9nt kommunik\u00e1ci\u00f3val \u00e9s\u00a0 a szolg\u00e1ltat\u00e1sokhoz val\u00f3 hozz\u00e1f\u00e9r\u00e9ssel \u00f6sszef\u00fcggo\u030b mindennemu\u030b felelo\u030bss\u00e9g kiz\u00e1r\u00f3lag az \u00e9rdekl\u0151d\u0151t, \u00fcgyfelet terheli, aki az adatokat rendelkez\u00e9sre bocs\u00e1totta. Szolg\u00e1ltat\u00f3 k\u00e9ts\u00e9g eset\u00e9n jogosult azonban a \u00e9rdekl\u0151d\u0151nek, \u00fcgyf\u00e9lnek az \u00e1ltala k\u00e9pviselt gazdas\u00e1gi t\u00e1rsas\u00e1ghoz vagy egy\u00e9ni v\u00e1llalkoz\u00f3hoz val\u00f3 kapcsolat\u00e1t a gazdas\u00e1gi t\u00e1rsas\u00e1g k\u00f6z\u00e9rdekbo\u030bl nyilv\u00e1nos adatk\u00e9nt.<\/p><p style=\"font-weight: 400;\"><strong>Megadott adatok megismer\u00e9s\u00e9nek jogosults\u00e1ga <\/strong><\/p><p style=\"font-weight: 400;\">Az adatokat elso\u030bdlegesen a Szolg\u00e1ltat\u00f3 ( a Szolg\u00e1ltat\u00f3 munkat\u00e1rsai)\u00a0 jogosult megismerni, azonban azokat harmadik szem\u00e9lyek r\u00e9sz\u00e9re a Szolg\u00e1ltat\u00f3val megk\u00f6t\u00f6tt szerz\u0151d\u00e9s felt\u00e9telei szerint adj\u00e1k \u00e1t. (Ez al\u00f3l kiv\u00e9telt k\u00e9pez, ha b\u00edr\u00f3s\u00e1g vagy hat\u00f3s\u00e1g hat\u00e1rozat\u00e1ban k\u00f6telezi a Szolg\u00e1ltat\u00f3t az adat tov\u00e1bb\u00edt\u00e1s\u00e1ra.)<\/p><p style=\"font-weight: 400;\">Harmadik f\u00e9l bevon\u00e1sa kiz\u00e1r\u00f3lag az \u00dcgyf\u00e9l hozz\u00e1j\u00e1rul\u00e1s\u00e1val, a feladat magas szakmai szintu\u030b megold\u00e1s\u00e1nak a biztos\u00edt\u00e1sa \u00e9rdek\u00e9ben t\u00f6rt\u00e9nhet.<\/p><p style=\"font-weight: 400;\"><strong>\u00c9rintett jogai <\/strong><\/p><p style=\"font-weight: 400;\">\u00c9rintett ingyenes t\u00e1j\u00e9koztat\u00e1st k\u00e9rhet szem\u00e9lyes adatai kezel\u00e9s\u00e9nek r\u00e9szleteiro\u030bl, valamint jogszab\u00e1lyban meghat\u00e1rozott esetekben k\u00e9rheti azok helyesb\u00edt\u00e9s\u00e9t, t\u00f6rl\u00e9s\u00e9t, z\u00e1rol\u00e1s\u00e1t, vagy kezel\u00e9s\u00e9nek korl\u00e1toz\u00e1s\u00e1t, \u00e9s tiltakozhat az ilyen szem\u00e9lyes adatok kezel\u00e9se ellen. A Szolg\u00e1ltat\u00f3 a k\u00e9relem beny\u00fajt\u00e1s\u00e1t\u00f3l sz\u00e1m\u00edtott legr\u00f6videbb ido\u030bn bel\u00fcl, de legfeljebb 30 nap \u2013 tiltakoz\u00e1s eset\u00e9n 15 nap \u2013 alatt megvizsg\u00e1lja, \u00e9s annak megalapozotts\u00e1ga k\u00e9rd\u00e9s\u00e9ben d\u00f6nt\u00e9st hoz, amelyro\u030bl a k\u00e9relmezo\u030bt \u00edr\u00e1sban t\u00e1j\u00e9koztatja. Ha a Szolg\u00e1ltat\u00f3 az \u00dcgyf\u00e9l k\u00e9relm\u00e9t nem teljes\u00edti, d\u00f6nt\u00e9s\u00e9ben k\u00f6zli a k\u00e9relem elutas\u00edt\u00e1s\u00e1nak t\u00e9nybeli \u00e9s jogi indokait az \u00dcgyf\u00e9llel.<\/p><p style=\"font-weight: 400;\">\u00c9rintett a Polg\u00e1ri T\u00f6rv\u00e9nyk\u00f6nyvro\u030bl sz\u00f3l\u00f3 2013. \u00e9vi V. t\u00f6rv\u00e9ny alapj\u00e1n b\u00edr\u00f3s\u00e1g elo\u030btt \u00e9rv\u00e9nyes\u00edtheti jogait, valamint az Infotv.-ben foglaltak szerint a Nemzeti Adatv\u00e9delmi \u00e9s Inform\u00e1ci\u00f3szabads\u00e1g Hat\u00f3s\u00e1ghoz (1125 Budapest, Szil\u00e1gyi Erzs\u00e9bet fasor 22\/c.; https:\/\/www.naih.hu\/panaszuegyintezes-rendje.html) fordulhat \u00e9s panaszt tehet.<\/p><p style=\"font-weight: 400;\"><strong>Egy\u00e9b rendelkez\u00e9sek<\/strong> \u2028<\/p><p style=\"font-weight: 400;\">A Szolg\u00e1ltat\u00f3 az \u00e9rdeklo\u030bdo\u030bk aktivit\u00e1s\u00e1r\u00f3l adatokat gyu\u030bjt.<\/p><p style=\"font-weight: 400;\">Ha a Szolg\u00e1ltat\u00f3 a szolg\u00e1ltatott adatokat az eredeti adatfelv\u00e9tel c\u00e9lj\u00e1t\u00f3l elt\u00e9ro\u030b c\u00e9lra k\u00edv\u00e1nja felhaszn\u00e1lni, akkor erro\u030bl az \u00e9rintettet t\u00e1j\u00e9koztatja, \u00e9s ehhez elo\u030bzetes, kifejezett hozz\u00e1j\u00e1rul\u00e1s\u00e1t megszerzi, illeto\u030bleg leheto\u030bs\u00e9get biztos\u00edt sz\u00e1m\u00e1ra, hogy a felhaszn\u00e1l\u00e1st megtiltsa.<\/p><p style=\"font-weight: 400;\">A Szolg\u00e1ltat\u00f3 k\u00f6telezi mag\u00e1t, hogy gondoskodik az adatok biztons\u00e1g\u00e1r\u00f3l, megteszi tov\u00e1bb\u00e1 azokat a technikai int\u00e9zked\u00e9seket, amelyek biztos\u00edtj\u00e1k, hogy a felvett, t\u00e1rolt, illetve kezelt adatok v\u00e9dettek legyenek, illeto\u030bleg mindent megtesz annak \u00e9rdek\u00e9ben, hogy megakad\u00e1lyozza azok megsemmis\u00fcl\u00e9s\u00e9t, jogosulatlan felhaszn\u00e1l\u00e1s\u00e1t \u00e9s jogosulatlan megv\u00e1ltoztat\u00e1s\u00e1t.<\/p><p style=\"font-weight: 400;\">Adatv\u00e9delmi incidens a biztons\u00e1g olyan s\u00e9r\u00fcl\u00e9se, amely a kezelt szem\u00e9lyes adatok v\u00e9letlen vagy jogellenes megsemmis\u00edt\u00e9s\u00e9t, elveszt\u00e9s\u00e9t, megv\u00e1ltoztat\u00e1s\u00e1t, jogosulatlan k\u00f6zl\u00e9s\u00e9t vagy az azokhoz val\u00f3 jogosulatlan hozz\u00e1f\u00e9r\u00e9st eredm\u00e9nyezi. Adatv\u00e9delmi incidens eset\u00e9n a Szolg\u00e1ltat\u00f3 a GDPR 33. \u00e9s 34. cikkei szerint k\u00f6teles elj\u00e1rni. Szolg\u00e1ltat\u00f3 nyilv\u00e1ntartja az adatv\u00e9delmi incidenseket, felt\u00fcntetve az adatv\u00e9delmi incidenshez kapcsol\u00f3d\u00f3 t\u00e9nyeket, annak hat\u00e1sait \u00e9s az orvosl\u00e1s\u00e1ra tett int\u00e9zked\u00e9seket.<\/p><p style=\"font-weight: 400;\">A Szolg\u00e1ltat\u00f3 b\u00e1rmikor jogosult jelen T\u00e1j\u00e9koztat\u00f3t egyoldal\u00faan m\u00f3dos\u00edtani. A Szolg\u00e1ltat\u00f3 a m\u00f3dos\u00edt\u00e1sokr\u00f3l az \u00dcgyfelet e-mailen illetve weboldal\u00e1n kereszt\u00fcl t\u00e1j\u00e9koztatja.<\/p>\t\t\t\t\t\t\t\t<\/div>\n\t\t\t\t<\/div>\n\t\t\t\t\t<\/div>\n\t\t\t\t<\/div>\n\t\t\t\t<\/div>","protected":false},"excerpt":{"rendered":"<p>Adatkezel\u00e9si T\u00e1j\u00e9koztat\u00f3 weboldal l\u00e1togat\u00f3k r\u00e9sz\u00e9re A humanplus.hu, marketingplus.hu weboldalak (a tov\u00e1bbiakban: Weboldalak) megl\u00e1togat\u00e1sakor illetve a Weboldalakon felt\u00fcntetett szolg\u00e1ltat\u00e1sok ig\u00e9nybev\u00e9telekor szem\u00e9lyes adatok ker\u00fclnek \u00e1tad\u00e1sra. Az adatok t\u00e1rol\u00e1s\u00e1r\u00f3l, felhaszn\u00e1l\u00e1s\u00e1r\u00f3l \u00e9s adatkezel\u00e9ssel kapcsolatos jogokr\u00f3l ebb\u0151l a dokumentumb\u00f3l t\u00e1j\u00e9koz\u00f3dhat. Adatv\u00e9delemmel kapcsolatos k\u00e9rd\u00e9ssel keressen minket az info@humanplus.hu email c\u00edmen. Az adatkezel\u0151 (mint Szolg\u00e1ltat\u00f3) adatai: n\u00e9v: hpmp C\u00e9gfejleszt\u0151 Korl\u00e1tolt Felel\u0151ss\u00e9g\u0171 T\u00e1rsas\u00e1g [&hellip;]<\/p>\n","protected":false},"author":1,"featured_media":0,"parent":1412,"menu_order":0,"comment_status":"closed","ping_status":"closed","template":"elementor_header_footer","meta":{"footnotes":""},"class_list":["post-415","page","type-page","status-publish","hentry"],"_links":{"self":[{"href":"https:\/\/hpmp.hu\/en\/wp-json\/wp\/v2\/pages\/415","targetHints":{"allow":["GET"]}}],"collection":[{"href":"https:\/\/hpmp.hu\/en\/wp-json\/wp\/v2\/pages"}],"about":[{"href":"https:\/\/hpmp.hu\/en\/wp-json\/wp\/v2\/types\/page"}],"author":[{"embeddable":true,"href":"https:\/\/hpmp.hu\/en\/wp-json\/wp\/v2\/users\/1"}],"replies":[{"embeddable":true,"href":"https:\/\/hpmp.hu\/en\/wp-json\/wp\/v2\/comments?post=415"}],"version-history":[{"count":7,"href":"https:\/\/hpmp.hu\/en\/wp-json\/wp\/v2\/pages\/415\/revisions"}],"predecessor-version":[{"id":1088,"href":"https:\/\/hpmp.hu\/en\/wp-json\/wp\/v2\/pages\/415\/revisions\/1088"}],"up":[{"embeddable":true,"href":"https:\/\/hpmp.hu\/en\/wp-json\/wp\/v2\/pages\/1412"}],"wp:attachment":[{"href":"https:\/\/hpmp.hu\/en\/wp-json\/wp\/v2\/media?parent=415"}],"curies":[{"name":"wp","href":"https:\/\/api.w.org\/{rel}","templated":true}]}}