{"id":417,"date":"2025-04-02T14:40:46","date_gmt":"2025-04-02T14:40:46","guid":{"rendered":"https:\/\/dev.humanplus.hu\/?page_id=417"},"modified":"2025-04-16T08:37:41","modified_gmt":"2025-04-16T08:37:41","slug":"suti-szabalyzat","status":"publish","type":"page","link":"https:\/\/hpmp.hu\/en\/suti-szabalyzat\/","title":{"rendered":"S\u00fcti Szab\u00e1lyzat"},"content":{"rendered":"<div data-elementor-type=\"wp-page\" data-elementor-id=\"417\" class=\"elementor elementor-417\" data-elementor-post-type=\"page\">\n\t\t\t\t<div class=\"elementor-element elementor-element-ab4cb4f e-flex e-con-boxed e-con e-parent\" data-id=\"ab4cb4f\" data-element_type=\"container\" data-e-type=\"container\">\n\t\t\t\t\t<div class=\"e-con-inner\">\n\t\t\t\t<div class=\"elementor-element elementor-element-27d36b0 elementor-widget elementor-widget-html\" data-id=\"27d36b0\" data-element_type=\"widget\" data-e-type=\"widget\" data-widget_type=\"html.default\">\n\t\t\t\t\t\t<div class=\"elementor-widget-container\">\n\t\t\t\t\t<style>\n    a.cky-banner-element {\n        padding: 8px 30px;\n        background: #F8F9FA;\n        color: #858A8F;\n        border: 1px solid #DEE2E6;\n        box-sizing: border-box;\n        border-radius: 2px;\n        cursor: pointer;\n    }\n<\/style>\n\n<h1 class=\"cookie-policy-h1\">Cookies<\/h1>\n<p>\n    Hat\u00e1lyba l\u00e9p\u00e9s d\u00e1tuma: 2025. \u00e1prilis 14. <br>\n    Utols\u00f3 friss\u00edt\u00e9s: 2025. \u00e1prilis 14.\n<\/p>\n\n&nbsp;\n<h5>Mik azok a s\u00fctik?<\/h5>\n<div class=\"cookie-policy-p\">\n    <p>Ez a S\u00fcti Szab\u00e1lyzat elmagyar\u00e1zza, mik azok a s\u00fctik, hogyan haszn\u00e1ljuk \u0151ket, milyen t\u00edpus\u00fa s\u00fctiket alkalmazunk, azaz milyen inform\u00e1ci\u00f3kat gy\u0171jt\u00fcnk vel\u00fck, hogyan haszn\u00e1ljuk fel ezeket az inform\u00e1ci\u00f3kat, \u00e9s hogyan kezelheted a s\u00fctibe\u00e1ll\u00edt\u00e1sokat.<\/p>\n    <p>A s\u00fctik kis sz\u00f6veges f\u00e1jlok, amelyek kis mennyis\u00e9g\u0171 inform\u00e1ci\u00f3t t\u00e1rolnak. A b\u00f6ng\u00e9sz\u0151d bet\u00f6lt\u00e9sekor ezek a f\u00e1jlok elment\u00e9sre ker\u00fclnek az eszk\u00f6z\u00f6d\u00f6n. A s\u00fctik seg\u00edtenek abban, hogy a weboldal megfelel\u0151en m\u0171k\u00f6dj\u00f6n, biztons\u00e1gosabb\u00e1 tegy\u00fck, jobb felhaszn\u00e1l\u00f3i \u00e9lm\u00e9nyt ny\u00fajtsunk, meg\u00e9rts\u00fck, hogyan teljes\u00edt a weboldal, \u00e9s elemezz\u00fck, mely r\u00e9szek szorulnak fejleszt\u00e9sre.<\/p>\n<\/div>\n\n&nbsp;\n<h5>Hogyan haszn\u00e1ljuk a s\u00fctiket?<\/h5>\n<div class=\"cookie-policy-p\">\n    <p>Mint a legt\u00f6bb online szolg\u00e1ltat\u00e1s, a mi weboldalunk is els\u0151 \u00e9s harmadik f\u00e9lt\u0151l sz\u00e1rmaz\u00f3 s\u00fctiket haszn\u00e1l k\u00fcl\u00f6nb\u00f6z\u0151 c\u00e9lokra. Az els\u0151 f\u00e9lt\u0151l sz\u00e1rmaz\u00f3 s\u00fctik legink\u00e1bb a weboldal megfelel\u0151 m\u0171k\u00f6d\u00e9s\u00e9hez sz\u00fcks\u00e9gesek, \u00e9s nem gy\u0171jtenek szem\u00e9lyazonos\u00edt\u00e1sra alkalmas adatokat.<\/p>\n    <p>A harmadik f\u00e9lt\u0151l sz\u00e1rmaz\u00f3 s\u00fctik f\u0151k\u00e9nt abban seg\u00edtenek, hogy meg\u00e9rts\u00fck, hogyan m\u0171k\u00f6dik a weboldal, hogyan l\u00e9psz vele interakci\u00f3ba, biztons\u00e1gban tartsuk szolg\u00e1ltat\u00e1sainkat, sz\u00e1modra relev\u00e1ns hirdet\u00e9seket jelen\u00edts\u00fcnk meg, valamint \u00e1ltal\u00e1noss\u00e1gban jobb \u00e9s fejlettebb felhaszn\u00e1l\u00f3i \u00e9lm\u00e9nyt ny\u00fajtsunk, \u00e9s gyors\u00edtsuk a j\u00f6v\u0151beli interakci\u00f3idat a weboldalunkkal.<\/p>\n<\/div>\n\n&nbsp;\n<h5>Az \u00e1ltalunk haszn\u00e1lt s\u00fctik t\u00edpusai<\/h5>\n\n<div class=\"cky-audit-table-element\"><\/div>\n\n&nbsp;\n<h5 style=\"margin-bottom:20px;\">S\u00fctibe\u00e1ll\u00edt\u00e1sok kezel\u00e9se<\/h5>\n\n<a class=\"cky-banner-element\">Cookie Be\u00e1ll\u00edt\u00e1sok<\/a> <br\/>\n<br>\n<div>\n    <p>A s\u00fctibe\u00e1ll\u00edt\u00e1saidat b\u00e1rmikor m\u00f3dos\u00edthatod a fenti gombra kattintva. Ezzel \u00fajra megnyithatod a s\u00fctikre vonatkoz\u00f3 hozz\u00e1j\u00e1rul\u00e1si ablakot, ahol megv\u00e1ltoztathatod a preferenci\u00e1idat, vagy azonnal visszavonhatod a hozz\u00e1j\u00e1rul\u00e1sodat.<\/p>\n    <p>Ezen fel\u00fcl a k\u00fcl\u00f6nb\u00f6z\u0151 b\u00f6ng\u00e9sz\u0151k k\u00fcl\u00f6nb\u00f6z\u0151 lehet\u0151s\u00e9geket biztos\u00edtanak a weboldalak \u00e1ltal haszn\u00e1lt s\u00fctik letilt\u00e1s\u00e1ra \u00e9s t\u00f6rl\u00e9s\u00e9re. A b\u00f6ng\u00e9sz\u0151d be\u00e1ll\u00edt\u00e1sain\u00e1l m\u00f3dos\u00edthatod ezeket az opci\u00f3kat. Az al\u00e1bbi linkeken megtal\u00e1lod a legn\u00e9pszer\u0171bb b\u00f6ng\u00e9sz\u0151k hivatalos \u00fatmutat\u00f3it a s\u00fctik kezel\u00e9s\u00e9r\u0151l \u00e9s t\u00f6rl\u00e9s\u00e9r\u0151l:<\/p>\n    <p>\n        Chrome: https:\/\/support.google.com\/accounts\/answer\/32050 \u00a0<br>\n        Safari: https:\/\/support.apple.com\/en-in\/guide\/safari\/sfri11471\/mac \u00a0<br>\n        Firefox: https:\/\/support.mozilla.org\/en-US\/kb\/clear-cookies-and-site-data-firefox?redirectslug=delete-cookies-remove-info-websites-stored&redirectlocale=en-US \u00a0<br>\n        Internet Explorer: https:\/\/support.microsoft.com\/en-us\/topic\/how-to-delete-cookie-files-in-internet-explorer-bca9446f-d873-78de-77ba-d42645fa52fc\n    <\/p>\n    <p>Ha m\u00e1s b\u00f6ng\u00e9sz\u0151t haszn\u00e1lsz, k\u00e9rj\u00fck, l\u00e1togasd meg a b\u00f6ng\u00e9sz\u0151 hivatalos s\u00fag\u00f3oldal\u00e1t.<\/p>\n<\/div>\n\n\t\t\t\t<\/div>\n\t\t\t\t<\/div>\n\t\t\t\t\t<\/div>\n\t\t\t\t<\/div>\n\t\t\t\t<\/div>","protected":false},"excerpt":{"rendered":"<p>S\u00fcti szab\u00e1lyzat Hat\u00e1lyba l\u00e9p\u00e9s d\u00e1tuma: 2025. \u00e1prilis 14. Utols\u00f3 friss\u00edt\u00e9s: 2025. \u00e1prilis 14. &nbsp; Mik azok a s\u00fctik? Ez a S\u00fcti Szab\u00e1lyzat elmagyar\u00e1zza, mik azok a s\u00fctik, hogyan haszn\u00e1ljuk \u0151ket, milyen t\u00edpus\u00fa s\u00fctiket alkalmazunk, azaz milyen inform\u00e1ci\u00f3kat gy\u0171jt\u00fcnk vel\u00fck, hogyan haszn\u00e1ljuk fel ezeket az inform\u00e1ci\u00f3kat, \u00e9s hogyan kezelheted a s\u00fctibe\u00e1ll\u00edt\u00e1sokat. A s\u00fctik kis sz\u00f6veges f\u00e1jlok, [&hellip;]<\/p>\n","protected":false},"author":1,"featured_media":0,"parent":0,"menu_order":0,"comment_status":"closed","ping_status":"closed","template":"","meta":{"footnotes":""},"class_list":["post-417","page","type-page","status-publish","hentry"],"_links":{"self":[{"href":"https:\/\/hpmp.hu\/en\/wp-json\/wp\/v2\/pages\/417","targetHints":{"allow":["GET"]}}],"collection":[{"href":"https:\/\/hpmp.hu\/en\/wp-json\/wp\/v2\/pages"}],"about":[{"href":"https:\/\/hpmp.hu\/en\/wp-json\/wp\/v2\/types\/page"}],"author":[{"embeddable":true,"href":"https:\/\/hpmp.hu\/en\/wp-json\/wp\/v2\/users\/1"}],"replies":[{"embeddable":true,"href":"https:\/\/hpmp.hu\/en\/wp-json\/wp\/v2\/comments?post=417"}],"version-history":[{"count":10,"href":"https:\/\/hpmp.hu\/en\/wp-json\/wp\/v2\/pages\/417\/revisions"}],"predecessor-version":[{"id":1051,"href":"https:\/\/hpmp.hu\/en\/wp-json\/wp\/v2\/pages\/417\/revisions\/1051"}],"wp:attachment":[{"href":"https:\/\/hpmp.hu\/en\/wp-json\/wp\/v2\/media?parent=417"}],"curies":[{"name":"wp","href":"https:\/\/api.w.org\/{rel}","templated":true}]}}